{"id":618,"date":"2018-10-24T18:29:06","date_gmt":"2018-10-24T16:29:06","guid":{"rendered":"http:\/\/audelabrosse.com\/?page_id=618"},"modified":"2018-10-24T18:44:34","modified_gmt":"2018-10-24T16:44:34","slug":"print","status":"publish","type":"page","link":"https:\/\/audelabrosse.com\/index.php\/print\/","title":{"rendered":"Print"},"content":{"rendered":"<p><div class=\"fusion-fullwidth fullwidth-box nonhundred-percent-fullwidth non-hundred-percent-height-scrolling\"  style='background-color: rgba(255,255,255,0);background-position: center center;background-repeat: no-repeat;padding-top:0px;padding-right:0px;padding-bottom:0px;padding-left:0px;'><div class=\"fusion-builder-row fusion-row \"><div  class=\"fusion-layout-column fusion_builder_column fusion_builder_column_1_4  fusion-one-fourth fusion-column-first 1_4\"  style='margin-top:0px;margin-bottom:20px;width:25%;width:calc(25% - ( ( 4% + 4% + 4% ) * 0.25 ) );margin-right: 4%;'>\n\t\t\t\t\t<div class=\"fusion-column-wrapper\" style=\"padding: 0px 0px 0px 0px;background-position:left top;background-repeat:no-repeat;-webkit-background-size:cover;-moz-background-size:cover;-o-background-size:cover;background-size:cover;\"  data-bg-url=\"\">\n\t\t\t\t\t\t<span style=\"-moz-box-shadow: 2px 3px 7px rgba(0,0,0,.3);-webkit-box-shadow: 2px 3px 7px rgba(0,0,0,.3);box-shadow: 2px 3px 7px rgba(0,0,0,.3);\" class=\"fusion-imageframe imageframe-dropshadow imageframe-1 hover-type-none\"><img loading=\"lazy\" decoding=\"async\" src=\"http:\/\/audelabrosse.com\/wp-content\/uploads\/2018\/09\/IMGP1695-copie-300x200.jpg\" width=\"300\" height=\"200\" alt=\"\" title=\"IMGP1695 copie\" class=\"img-responsive wp-image-446\" srcset=\"https:\/\/audelabrosse.com\/wp-content\/uploads\/2018\/09\/IMGP1695-copie-200x133.jpg 200w, https:\/\/audelabrosse.com\/wp-content\/uploads\/2018\/09\/IMGP1695-copie-400x266.jpg 400w, https:\/\/audelabrosse.com\/wp-content\/uploads\/2018\/09\/IMGP1695-copie-600x399.jpg 600w, https:\/\/audelabrosse.com\/wp-content\/uploads\/2018\/09\/IMGP1695-copie-800x532.jpg 800w, https:\/\/audelabrosse.com\/wp-content\/uploads\/2018\/09\/IMGP1695-copie-1200x798.jpg 1200w, https:\/\/audelabrosse.com\/wp-content\/uploads\/2018\/09\/IMGP1695-copie.jpg 2000w\" sizes=\"auto, (max-width: 1015px) 100vw, 400px\" \/><\/span><div class=\"fusion-clearfix\"><\/div>\n\n\t\t\t\t\t<\/div>\n\t\t\t\t<\/div><div  class=\"fusion-layout-column fusion_builder_column fusion_builder_column_1_4  fusion-one-fourth 1_4\"  style='margin-top:0px;margin-bottom:20px;width:25%;width:calc(25% - ( ( 4% + 4% + 4% ) * 0.25 ) );margin-right: 4%;'>\n\t\t\t\t\t<div class=\"fusion-column-wrapper\" style=\"padding: 0px 0px 0px 0px;background-position:left top;background-repeat:no-repeat;-webkit-background-size:cover;-moz-background-size:cover;-o-background-size:cover;background-size:cover;\"  data-bg-url=\"\">\n\t\t\t\t\t\t<span style=\"-moz-box-shadow: 2px 3px 7px rgba(0,0,0,.3);-webkit-box-shadow: 2px 3px 7px rgba(0,0,0,.3);box-shadow: 2px 3px 7px rgba(0,0,0,.3);\" class=\"fusion-imageframe imageframe-dropshadow imageframe-2 hover-type-none\"><img loading=\"lazy\" decoding=\"async\" src=\"http:\/\/audelabrosse.com\/wp-content\/uploads\/2018\/09\/IMGP3218-copie-300x200.jpg\" width=\"300\" height=\"200\" alt=\"\" title=\"IMGP3218 copie\" class=\"img-responsive wp-image-384\" srcset=\"https:\/\/audelabrosse.com\/wp-content\/uploads\/2018\/09\/IMGP3218-copie-200x133.jpg 200w, https:\/\/audelabrosse.com\/wp-content\/uploads\/2018\/09\/IMGP3218-copie-400x266.jpg 400w, https:\/\/audelabrosse.com\/wp-content\/uploads\/2018\/09\/IMGP3218-copie-600x399.jpg 600w, https:\/\/audelabrosse.com\/wp-content\/uploads\/2018\/09\/IMGP3218-copie-800x532.jpg 800w, https:\/\/audelabrosse.com\/wp-content\/uploads\/2018\/09\/IMGP3218-copie-1200x798.jpg 1200w, https:\/\/audelabrosse.com\/wp-content\/uploads\/2018\/09\/IMGP3218-copie.jpg 2200w\" sizes=\"auto, (max-width: 1015px) 100vw, 400px\" \/><\/span><div class=\"fusion-clearfix\"><\/div>\n\n\t\t\t\t\t<\/div>\n\t\t\t\t<\/div><div  class=\"fusion-layout-column fusion_builder_column fusion_builder_column_1_4  fusion-one-fourth 1_4\"  style='margin-top:0px;margin-bottom:20px;width:25%;width:calc(25% - ( ( 4% + 4% + 4% ) * 0.25 ) );margin-right: 4%;'>\n\t\t\t\t\t<div class=\"fusion-column-wrapper\" style=\"padding: 0px 0px 0px 0px;background-position:left top;background-repeat:no-repeat;-webkit-background-size:cover;-moz-background-size:cover;-o-background-size:cover;background-size:cover;\"  data-bg-url=\"\">\n\t\t\t\t\t\t<span style=\"-moz-box-shadow: 2px 3px 7px rgba(0,0,0,.3);-webkit-box-shadow: 2px 3px 7px rgba(0,0,0,.3);box-shadow: 2px 3px 7px rgba(0,0,0,.3);\" class=\"fusion-imageframe imageframe-dropshadow imageframe-3 hover-type-none\"><img loading=\"lazy\" decoding=\"async\" src=\"http:\/\/audelabrosse.com\/wp-content\/uploads\/2018\/09\/IMGP2602-copie-300x200.jpg\" width=\"300\" height=\"200\" alt=\"\" title=\"IMGP2602 copie\" class=\"img-responsive wp-image-373\" srcset=\"https:\/\/audelabrosse.com\/wp-content\/uploads\/2018\/09\/IMGP2602-copie-200x133.jpg 200w, https:\/\/audelabrosse.com\/wp-content\/uploads\/2018\/09\/IMGP2602-copie-400x266.jpg 400w, https:\/\/audelabrosse.com\/wp-content\/uploads\/2018\/09\/IMGP2602-copie-600x399.jpg 600w, https:\/\/audelabrosse.com\/wp-content\/uploads\/2018\/09\/IMGP2602-copie-800x532.jpg 800w, https:\/\/audelabrosse.com\/wp-content\/uploads\/2018\/09\/IMGP2602-copie-1200x798.jpg 1200w, https:\/\/audelabrosse.com\/wp-content\/uploads\/2018\/09\/IMGP2602-copie.jpg 2200w\" sizes=\"auto, (max-width: 1015px) 100vw, 400px\" \/><\/span><div class=\"fusion-clearfix\"><\/div>\n\n\t\t\t\t\t<\/div>\n\t\t\t\t<\/div><div  class=\"fusion-layout-column fusion_builder_column fusion_builder_column_1_4  fusion-one-fourth fusion-column-last 1_4\"  style='margin-top:0px;margin-bottom:20px;width:25%;width:calc(25% - ( ( 4% + 4% + 4% ) * 0.25 ) );'>\n\t\t\t\t\t<div class=\"fusion-column-wrapper\" style=\"padding: 0px 0px 0px 0px;background-position:left top;background-repeat:no-repeat;-webkit-background-size:cover;-moz-background-size:cover;-o-background-size:cover;background-size:cover;\"  data-bg-url=\"\">\n\t\t\t\t\t\t<span style=\"-moz-box-shadow: 2px 3px 7px rgba(0,0,0,.3);-webkit-box-shadow: 2px 3px 7px rgba(0,0,0,.3);box-shadow: 2px 3px 7px rgba(0,0,0,.3);\" class=\"fusion-imageframe imageframe-dropshadow imageframe-4 hover-type-none\"><img loading=\"lazy\" decoding=\"async\" src=\"http:\/\/audelabrosse.com\/wp-content\/uploads\/2018\/08\/IMGP5771-300x199.jpg\" width=\"300\" height=\"199\" alt=\"\" title=\"IMGP5771\" class=\"img-responsive wp-image-10\" srcset=\"https:\/\/audelabrosse.com\/wp-content\/uploads\/2018\/08\/IMGP5771-200x133.jpg 200w, https:\/\/audelabrosse.com\/wp-content\/uploads\/2018\/08\/IMGP5771-400x266.jpg 400w, https:\/\/audelabrosse.com\/wp-content\/uploads\/2018\/08\/IMGP5771-600x399.jpg 600w, https:\/\/audelabrosse.com\/wp-content\/uploads\/2018\/08\/IMGP5771-800x532.jpg 800w, https:\/\/audelabrosse.com\/wp-content\/uploads\/2018\/08\/IMGP5771-1200x798.jpg 1200w, https:\/\/audelabrosse.com\/wp-content\/uploads\/2018\/08\/IMGP5771.jpg 6016w\" sizes=\"auto, (max-width: 1015px) 100vw, 400px\" \/><\/span><div class=\"fusion-clearfix\"><\/div>\n\n\t\t\t\t\t<\/div>\n\t\t\t\t<\/div><\/div><\/div><div class=\"fusion-fullwidth fullwidth-box nonhundred-percent-fullwidth non-hundred-percent-height-scrolling\"  style='background-color: rgba(255,255,255,0);background-position: center center;background-repeat: no-repeat;padding-top:20px;padding-right:65px;padding-bottom:0px;padding-left:65px;margin-top: 5px;'><div class=\"fusion-builder-row fusion-row \"><div  class=\"fusion-layout-column fusion_builder_column fusion_builder_column_1_1  fusion-one-full fusion-column-first fusion-column-last 1_1\"  style='margin-top:5px;margin-bottom:20px;'>\n\t\t\t\t\t<div class=\"fusion-column-wrapper\" style=\"padding: 0px 45px 0px 45px;background-position:left top;background-repeat:no-repeat;-webkit-background-size:cover;-moz-background-size:cover;-o-background-size:cover;background-size:cover;\"  data-bg-url=\"\">\n\t\t\t\t\t\t<div class=\"fusion-text\"><div class=\"col sqs-col-6 span-6\">\n<div id=\"block-a937a58d4e77159667a7\" class=\"sqs-block html-block sqs-block-html\" data-block-type=\"2\">\n<div class=\"sqs-block-content\">\n<h2 style=\"text-align: center;\">Tirages d&rsquo;art<\/h2>\n<p class=\"text-align-center\" style=\"text-align: justify;\">La plus part des photographie que vous trouverez sur ce site sont propos\u00e9es \u00e0 la vente. Vous pouvez les commander imprim\u00e9es sous forme de tirages d&rsquo;art, num\u00e9rot\u00e9s et limit\u00e9s \u00e0 10 exemplaires.<\/p>\n<p style=\"text-align: justify;\">R\u00e9alis\u00e9s par un laboratoire professionnel, les tirages sont imprim\u00e9s sur du papier photo haut de gamme, et peuvent \u00eatre ensuite contrecoll\u00e9s sur une plaque d&rsquo;Alu Dibond, un support de qualit\u00e9, discret et moderne, ou \u00eatre encadr\u00e9s pour un r\u00e9sultat \u00e9l\u00e9gant et intemporel.<\/p>\n<p class=\"text-align-center\" style=\"text-align: justify;\">Chaque tirage vous sera livr\u00e9 num\u00e9rot\u00e9 et accompagn\u00e9 de son certificat d&rsquo;authenticit\u00e9, ainsi que l&rsquo;histoire de la photographie choisie.<\/p>\n<p class=\"text-align-center\" style=\"text-align: justify;\">Contactez moi pour tout achat, ou pour toutes questions.<\/p>\n<\/div>\n<\/div>\n<\/div>\n<\/div><div class=\"fusion-clearfix\"><\/div>\n\n\t\t\t\t\t<\/div>\n\t\t\t\t<\/div><\/div><\/div><div class=\"fusion-fullwidth fullwidth-box nonhundred-percent-fullwidth non-hundred-percent-height-scrolling\"  style='background-color: rgba(255,255,255,0);background-position: center center;background-repeat: no-repeat;padding-top:0px;padding-right:0px;padding-bottom:0px;padding-left:0px;'><div class=\"fusion-builder-row fusion-row \"><div  class=\"fusion-layout-column fusion_builder_column fusion_builder_column_1_3  fusion-one-third fusion-column-first 1_3\"  style='margin-top:0px;margin-bottom:20px;width:33.33%;width:calc(33.33% - ( ( 4% + 4% ) * 0.3333 ) );margin-right: 4%;'>\n\t\t\t\t\t<div class=\"fusion-column-wrapper\" style=\"padding: 0px 0px 0px 0px;background-position:left top;background-repeat:no-repeat;-webkit-background-size:cover;-moz-background-size:cover;-o-background-size:cover;background-size:cover;\"  data-bg-url=\"\">\n\t\t\t\t\t\t<div class=\"fusion-clearfix\"><\/div>\n\n\t\t\t\t\t<\/div>\n\t\t\t\t<\/div><div  class=\"fusion-layout-column fusion_builder_column fusion_builder_column_1_3  fusion-one-third 1_3\"  style='margin-top:0px;margin-bottom:20px;width:33.33%;width:calc(33.33% - ( ( 4% + 4% ) * 0.3333 ) );margin-right: 4%;'>\n\t\t\t\t\t<div class=\"fusion-column-wrapper\" style=\"padding: 0px 0px 0px 0px;background-position:left top;background-repeat:no-repeat;-webkit-background-size:cover;-moz-background-size:cover;-o-background-size:cover;background-size:cover;\"  data-bg-url=\"\">\n\t\t\t\t\t\t<div class=\"fusion-clearfix\"><\/div>\n\n\t\t\t\t\t<\/div>\n\t\t\t\t<\/div><div  class=\"fusion-layout-column fusion_builder_column fusion_builder_column_1_3  fusion-one-third fusion-column-last 1_3\"  style='margin-top:0px;margin-bottom:20px;width:33.33%;width:calc(33.33% - ( ( 4% + 4% ) * 0.3333 ) );'>\n\t\t\t\t\t<div class=\"fusion-column-wrapper\" style=\"padding: 0px 0px 0px 0px;background-position:left top;background-repeat:no-repeat;-webkit-background-size:cover;-moz-background-size:cover;-o-background-size:cover;background-size:cover;\"  data-bg-url=\"\">\n\t\t\t\t\t\t<div class=\"fusion-clearfix\"><\/div>\n\n\t\t\t\t\t<\/div>\n\t\t\t\t<\/div><\/div><\/div><div class=\"fusion-fullwidth fullwidth-box nonhundred-percent-fullwidth non-hundred-percent-height-scrolling\"  style='background-color: rgba(255,255,255,0);background-position: center center;background-repeat: no-repeat;padding-top:0px;padding-right:0px;padding-bottom:0px;padding-left:0px;'><div class=\"fusion-builder-row fusion-row \"><div  class=\"fusion-layout-column fusion_builder_column fusion_builder_column_1_3  fusion-one-third fusion-column-first 1_3\"  style='margin-top:0px;margin-bottom:20px;width:33.33%;width:calc(33.33% - ( ( 4% + 4% ) * 0.3333 ) );margin-right: 4%;'>\n\t\t\t\t\t<div class=\"fusion-column-wrapper\" style=\"padding: 0px 0px 0px 0px;background-position:left top;background-repeat:no-repeat;-webkit-background-size:cover;-moz-background-size:cover;-o-background-size:cover;background-size:cover;\"  data-bg-url=\"\">\n\t\t\t\t\t\t<div class=\"fusion-clearfix\"><\/div>\n\n\t\t\t\t\t<\/div>\n\t\t\t\t<\/div><div  class=\"fusion-layout-column fusion_builder_column fusion_builder_column_1_3  fusion-one-third 1_3\"  style='margin-top:0px;margin-bottom:20px;width:33.33%;width:calc(33.33% - ( ( 4% + 4% ) * 0.3333 ) );margin-right: 4%;'>\n\t\t\t\t\t<div class=\"fusion-column-wrapper\" style=\"padding: 0px 0px 0px 0px;background-position:left top;background-repeat:no-repeat;-webkit-background-size:cover;-moz-background-size:cover;-o-background-size:cover;background-size:cover;\"  data-bg-url=\"\">\n\t\t\t\t\t\t<div class=\"fusion-clearfix\"><\/div>\n\n\t\t\t\t\t<\/div>\n\t\t\t\t<\/div><div  class=\"fusion-layout-column fusion_builder_column fusion_builder_column_1_3  fusion-one-third fusion-column-last 1_3\"  style='margin-top:0px;margin-bottom:20px;width:33.33%;width:calc(33.33% - ( ( 4% + 4% ) * 0.3333 ) );'>\n\t\t\t\t\t<div class=\"fusion-column-wrapper\" style=\"padding: 0px 0px 0px 0px;background-position:left top;background-repeat:no-repeat;-webkit-background-size:cover;-moz-background-size:cover;-o-background-size:cover;background-size:cover;\"  data-bg-url=\"\">\n\t\t\t\t\t\t<div class=\"fusion-clearfix\"><\/div>\n\n\t\t\t\t\t<\/div>\n\t\t\t\t<\/div><\/div><\/div><\/p>\n","protected":false},"excerpt":{"rendered":"","protected":false},"author":1,"featured_media":0,"parent":0,"menu_order":0,"comment_status":"closed","ping_status":"closed","template":"","meta":{"footnotes":""},"class_list":["post-618","page","type-page","status-publish","hentry"],"_links":{"self":[{"href":"https:\/\/audelabrosse.com\/index.php\/wp-json\/wp\/v2\/pages\/618","targetHints":{"allow":["GET"]}}],"collection":[{"href":"https:\/\/audelabrosse.com\/index.php\/wp-json\/wp\/v2\/pages"}],"about":[{"href":"https:\/\/audelabrosse.com\/index.php\/wp-json\/wp\/v2\/types\/page"}],"author":[{"embeddable":true,"href":"https:\/\/audelabrosse.com\/index.php\/wp-json\/wp\/v2\/users\/1"}],"replies":[{"embeddable":true,"href":"https:\/\/audelabrosse.com\/index.php\/wp-json\/wp\/v2\/comments?post=618"}],"version-history":[{"count":9,"href":"https:\/\/audelabrosse.com\/index.php\/wp-json\/wp\/v2\/pages\/618\/revisions"}],"predecessor-version":[{"id":629,"href":"https:\/\/audelabrosse.com\/index.php\/wp-json\/wp\/v2\/pages\/618\/revisions\/629"}],"wp:attachment":[{"href":"https:\/\/audelabrosse.com\/index.php\/wp-json\/wp\/v2\/media?parent=618"}],"curies":[{"name":"wp","href":"https:\/\/api.w.org\/{rel}","templated":true}]}}