{"id":575,"date":"2018-09-26T15:17:57","date_gmt":"2018-09-26T13:17:57","guid":{"rendered":"http:\/\/audelabrosse.com\/?page_id=575"},"modified":"2018-10-24T19:06:45","modified_gmt":"2018-10-24T17:06:45","slug":"a-propos","status":"publish","type":"page","link":"https:\/\/audelabrosse.com\/index.php\/a-propos\/","title":{"rendered":"A propos"},"content":{"rendered":"<p><div class=\"fusion-fullwidth fullwidth-box nonhundred-percent-fullwidth non-hundred-percent-height-scrolling\"  style='background-color: rgba(255,255,255,0);background-position: center center;background-repeat: no-repeat;padding-top:0px;padding-right:0px;padding-bottom:0px;padding-left:0px;margin-bottom: 10px;margin-top: 10px;'><div class=\"fusion-builder-row fusion-row \"><div  class=\"fusion-layout-column fusion_builder_column fusion_builder_column_1_1  fusion-one-full fusion-column-first fusion-column-last 1_1\"  style='margin-top:0px;margin-bottom:20px;'>\n\t\t\t\t\t<div class=\"fusion-column-wrapper\" style=\"padding: 0px 0px 0px 0px;background-position:left top;background-repeat:no-repeat;-webkit-background-size:cover;-moz-background-size:cover;-o-background-size:cover;background-size:cover;\"  data-bg-url=\"\">\n\t\t\t\t\t\t<div class=\"fusion-text\"><h2 style=\"text-align: center;\">Aude Labrosse<\/h2>\n<\/div><div class=\"fusion-clearfix\"><\/div>\n\n\t\t\t\t\t<\/div>\n\t\t\t\t<\/div><\/div><\/div><div class=\"fusion-fullwidth fullwidth-box nonhundred-percent-fullwidth non-hundred-percent-height-scrolling\"  style='background-color: rgba(255,255,255,0);background-position: center center;background-repeat: no-repeat;padding-top:0px;padding-right:0px;padding-bottom:0px;padding-left:0px;'><div class=\"fusion-builder-row fusion-row \"><div  class=\"fusion-layout-column fusion_builder_column fusion_builder_column_1_2  fusion-one-half fusion-column-first 1_2\"  style='margin-top:0px;margin-bottom:20px;width:50%;width:calc(50% - ( ( 4% ) * 0.5 ) );margin-right: 4%;'>\n\t\t\t\t\t<div class=\"fusion-column-wrapper\" style=\"padding: 0px 0px 0px 0px;background-position:left top;background-repeat:no-repeat;-webkit-background-size:cover;-moz-background-size:cover;-o-background-size:cover;background-size:cover;\"  data-bg-url=\"\">\n\t\t\t\t\t\t<div class=\"fusion-text\"><p style=\"text-align: justify;\">Petite je voulais \u00eatre \u00ab\u00a0Indiana Jones\u00a0\u00bb, puis j\u2019ai d\u00e9couvert le docteur Livingstone, alors j\u2019ai voulu \u00eatre explorateur \/ m\u00e9decin sans fronti\u00e8re. Mais tr\u00e8s rapidement la photo m\u2019a bien plus attir\u00e9e. L\u2019envie d\u2019explorer le monde ne m\u2019a, elle, jamais quitt\u00e9, alors j\u2019ai d\u00e9cid\u00e9 d\u2019\u00eatre reporter photographe.<\/p>\n<p style=\"text-align: justify;\">Je suis devenue exploratrice du quotidien. Mes reportages m\u2019emm\u00e8nent plus ou moins loin. Documenter l&rsquo;intimit\u00e9 \u00e0 l&rsquo;\u00e9tranger ou \u00e0 deux pas de chez moi, peut importe. Je suis l\u00e0 pour que vous gardiez une trace de votre vie qui bat si fort, de vos enfants qui grandissent toujours trop vite. Je suis l\u00e0 pour capter la fragilit\u00e9 du temps qui s&rsquo;\u00e9coule, et le mettre sous cloche. Je suis l\u00e0 pour immortaliser l\u2019\u00e9ph\u00e9m\u00e8re, les \u00e9motions belles ou tristes ; la vie finalement !<\/p>\n<p>Aude Labrosse<br \/>\n<em>Photographe reporter et vid\u00e9aste bas\u00e9e autour de Lyon.<br \/>\nMobile partout o\u00f9 il y a de quoi photographier.<\/em><\/p>\n<\/div><div class=\"fusion-clearfix\"><\/div>\n\n\t\t\t\t\t<\/div>\n\t\t\t\t<\/div><div  class=\"fusion-layout-column fusion_builder_column fusion_builder_column_1_2  fusion-one-half fusion-column-last 1_2\"  style='margin-top:0px;margin-bottom:20px;width:50%;width:calc(50% - ( ( 4% ) * 0.5 ) );'>\n\t\t\t\t\t<div class=\"fusion-column-wrapper\" style=\"padding: 0px 0px 0px 0px;background-position:left top;background-repeat:no-repeat;-webkit-background-size:cover;-moz-background-size:cover;-o-background-size:cover;background-size:cover;\"  data-bg-url=\"\">\n\t\t\t\t\t\t<span class=\"fusion-imageframe imageframe-none imageframe-1 hover-type-zoomin\"><a href=\"http:\/\/audelabrosse.com\/wp-content\/uploads\/2018\/09\/IMGP1378.jpg\" class=\"fusion-lightbox\" data-rel=\"iLightbox[8a01e747e8b9cd8d0f0]\" data-title=\"autoportrait\" title=\"autoportrait\"><img loading=\"lazy\" decoding=\"async\" src=\"http:\/\/audelabrosse.com\/wp-content\/uploads\/2018\/09\/IMGP1378.jpg\" width=\"2238\" height=\"1455\" alt=\"\" class=\"img-responsive wp-image-576\" srcset=\"https:\/\/audelabrosse.com\/wp-content\/uploads\/2018\/09\/IMGP1378-200x130.jpg 200w, https:\/\/audelabrosse.com\/wp-content\/uploads\/2018\/09\/IMGP1378-400x260.jpg 400w, https:\/\/audelabrosse.com\/wp-content\/uploads\/2018\/09\/IMGP1378-600x390.jpg 600w, https:\/\/audelabrosse.com\/wp-content\/uploads\/2018\/09\/IMGP1378-800x520.jpg 800w, https:\/\/audelabrosse.com\/wp-content\/uploads\/2018\/09\/IMGP1378-1200x780.jpg 1200w, https:\/\/audelabrosse.com\/wp-content\/uploads\/2018\/09\/IMGP1378.jpg 2238w\" sizes=\"auto, (max-width: 1015px) 100vw, 600px\" \/><\/a><\/span><div class=\"fusion-clearfix\"><\/div>\n\n\t\t\t\t\t<\/div>\n\t\t\t\t<\/div><\/div><\/div><\/p>\n","protected":false},"excerpt":{"rendered":"","protected":false},"author":1,"featured_media":0,"parent":0,"menu_order":0,"comment_status":"closed","ping_status":"closed","template":"","meta":{"footnotes":""},"class_list":["post-575","page","type-page","status-publish","hentry"],"_links":{"self":[{"href":"https:\/\/audelabrosse.com\/index.php\/wp-json\/wp\/v2\/pages\/575","targetHints":{"allow":["GET"]}}],"collection":[{"href":"https:\/\/audelabrosse.com\/index.php\/wp-json\/wp\/v2\/pages"}],"about":[{"href":"https:\/\/audelabrosse.com\/index.php\/wp-json\/wp\/v2\/types\/page"}],"author":[{"embeddable":true,"href":"https:\/\/audelabrosse.com\/index.php\/wp-json\/wp\/v2\/users\/1"}],"replies":[{"embeddable":true,"href":"https:\/\/audelabrosse.com\/index.php\/wp-json\/wp\/v2\/comments?post=575"}],"version-history":[{"count":8,"href":"https:\/\/audelabrosse.com\/index.php\/wp-json\/wp\/v2\/pages\/575\/revisions"}],"predecessor-version":[{"id":633,"href":"https:\/\/audelabrosse.com\/index.php\/wp-json\/wp\/v2\/pages\/575\/revisions\/633"}],"wp:attachment":[{"href":"https:\/\/audelabrosse.com\/index.php\/wp-json\/wp\/v2\/media?parent=575"}],"curies":[{"name":"wp","href":"https:\/\/api.w.org\/{rel}","templated":true}]}}