{"id":1131,"date":"2019-12-03T15:18:03","date_gmt":"2019-12-03T14:18:03","guid":{"rendered":"http:\/\/audelabrosse.com\/?page_id=1131"},"modified":"2021-02-22T11:15:17","modified_gmt":"2021-02-22T10:15:17","slug":"presse","status":"publish","type":"page","link":"https:\/\/audelabrosse.com\/index.php\/presse\/","title":{"rendered":"Articles de presse"},"content":{"rendered":"<p><div class=\"fusion-fullwidth fullwidth-box nonhundred-percent-fullwidth non-hundred-percent-height-scrolling\"  style='background-color: rgba(255,255,255,0);background-position: center center;background-repeat: no-repeat;padding-top:0px;padding-right:0px;padding-bottom:0px;padding-left:0px;'><div class=\"fusion-builder-row fusion-row \"><div  class=\"fusion-layout-column fusion_builder_column fusion_builder_column_1_2  fusion-one-half fusion-column-first 1_2\"  style='margin-top:0px;margin-bottom:20px;width:50%;width:calc(50% - ( ( 4% ) * 0.5 ) );margin-right: 4%;'>\n\t\t\t\t\t<div class=\"fusion-column-wrapper\" style=\"padding: 0px 0px 0px 0px;background-position:left top;background-repeat:no-repeat;-webkit-background-size:cover;-moz-background-size:cover;-o-background-size:cover;background-size:cover;\"  data-bg-url=\"\">\n\t\t\t\t\t\t<div class=\"fusion-text\"><h2>Parfums de Bosnie<\/h2>\n<p style=\"text-align: justify;\">L\u2019\u0153uvre \u00ab\u00a0Parfums de Bosnie\u00a0\u00bb a \u00e9t\u00e9 expos\u00e9 \u00e0 l&rsquo;Institut fran\u00e7ais de Sarajevo. Le vernissage a eu lieu le 15 octobre 2019 en pr\u00e9sence de S.E. Monsieur Guillaume Rousson, ambassadeur de France en Bosnie-Herz\u00e9govine. Une premi\u00e8re version du film a \u00e9t\u00e9 projet\u00e9 le 26 octobre, toujours \u00e0 l&rsquo;Institut fran\u00e7ais de Sarajevo, en pr\u00e9sence de S.E. Monsieur Guillaume Rousson et du G\u00e9n\u00e9ral Divjak.<\/p>\n<p><strong>Plus d&rsquo;information : <a href=\"http:\/\/audelabrosse.com\/wp-content\/uploads\/2021\/02\/DossierPresentationAudeLabrosse_Vlongue.pdf\" rel=\"attachment wp-att-1373\">Dossier de pr\u00e9sentation<\/a><\/strong><\/p>\n<\/div><span class=\"fusion-imageframe imageframe-none imageframe-1 hover-type-none\"><img loading=\"lazy\" decoding=\"async\" src=\"http:\/\/audelabrosse.com\/wp-content\/uploads\/2019\/12\/DSC9767-1024x684.jpg\" width=\"1024\" height=\"684\" alt=\"\" title=\"_DSC9767\" class=\"img-responsive wp-image-1120\" srcset=\"https:\/\/audelabrosse.com\/wp-content\/uploads\/2019\/12\/DSC9767-200x134.jpg 200w, https:\/\/audelabrosse.com\/wp-content\/uploads\/2019\/12\/DSC9767-400x267.jpg 400w, https:\/\/audelabrosse.com\/wp-content\/uploads\/2019\/12\/DSC9767-600x401.jpg 600w, https:\/\/audelabrosse.com\/wp-content\/uploads\/2019\/12\/DSC9767-800x534.jpg 800w, https:\/\/audelabrosse.com\/wp-content\/uploads\/2019\/12\/DSC9767.jpg 1200w\" sizes=\"auto, (max-width: 1015px) 100vw, 600px\" \/><\/span><div class=\"fusion-clearfix\"><\/div>\n\n\t\t\t\t\t<\/div>\n\t\t\t\t<\/div><div  class=\"fusion-layout-column fusion_builder_column fusion_builder_column_1_2  fusion-one-half fusion-column-last 1_2\"  style='margin-top:0px;margin-bottom:20px;width:50%;width:calc(50% - ( ( 4% ) * 0.5 ) );'>\n\t\t\t\t\t<div class=\"fusion-column-wrapper\" style=\"padding: 0px 0px 0px 0px;background-position:left top;background-repeat:no-repeat;-webkit-background-size:cover;-moz-background-size:cover;-o-background-size:cover;background-size:cover;\"  data-bg-url=\"\">\n\t\t\t\t\t\t<div class=\"imageframe-align-center\"><span class=\"fusion-imageframe imageframe-none imageframe-2 hover-type-none\"><img loading=\"lazy\" decoding=\"async\" src=\"http:\/\/audelabrosse.com\/wp-content\/uploads\/2019\/12\/AudeLabrosse_Sarajevo_AFFICHEEXPO-400x558.jpg\" width=\"400\" height=\"558\" alt=\"\" title=\"AudeLabrosse_Sarajevo_AFFICHEEXPO\" class=\"img-responsive wp-image-1132\" srcset=\"https:\/\/audelabrosse.com\/wp-content\/uploads\/2019\/12\/AudeLabrosse_Sarajevo_AFFICHEEXPO-200x279.jpg 200w, https:\/\/audelabrosse.com\/wp-content\/uploads\/2019\/12\/AudeLabrosse_Sarajevo_AFFICHEEXPO-400x558.jpg 400w, https:\/\/audelabrosse.com\/wp-content\/uploads\/2019\/12\/AudeLabrosse_Sarajevo_AFFICHEEXPO-600x837.jpg 600w, https:\/\/audelabrosse.com\/wp-content\/uploads\/2019\/12\/AudeLabrosse_Sarajevo_AFFICHEEXPO-800x1116.jpg 800w, https:\/\/audelabrosse.com\/wp-content\/uploads\/2019\/12\/AudeLabrosse_Sarajevo_AFFICHEEXPO-1200x1675.jpg 1200w, https:\/\/audelabrosse.com\/wp-content\/uploads\/2019\/12\/AudeLabrosse_Sarajevo_AFFICHEEXPO.jpg 1800w\" sizes=\"auto, (max-width: 1015px) 100vw, 600px\" \/><\/span><\/div><div class=\"fusion-clearfix\"><\/div>\n\n\t\t\t\t\t<\/div>\n\t\t\t\t<\/div><\/div><\/div><div class=\"fusion-fullwidth fullwidth-box nonhundred-percent-fullwidth non-hundred-percent-height-scrolling\"  style='background-color: rgba(255,255,255,0);background-position: center center;background-repeat: no-repeat;padding-top:0px;padding-right:0px;padding-bottom:0px;padding-left:0px;'><div class=\"fusion-builder-row fusion-row \"><div  class=\"fusion-layout-column fusion_builder_column fusion_builder_column_1_1  fusion-one-full fusion-column-first fusion-column-last 1_1\"  style='margin-top:0px;margin-bottom:20px;'>\n\t\t\t\t\t<div class=\"fusion-column-wrapper\" style=\"padding: 0px 0px 0px 0px;background-position:left top;background-repeat:no-repeat;-webkit-background-size:cover;-moz-background-size:cover;-o-background-size:cover;background-size:cover;\"  data-bg-url=\"\">\n\t\t\t\t\t\t<style type=\"text\/css\" scoped=\"scoped\">.fusion-gallery-1 .fusion-gallery-image {border:0px solid #f6f6f6;}<\/style><div class=\"fusion-gallery fusion-gallery-container fusion-grid-2 fusion-columns-total-5 fusion-gallery-layout-grid fusion-gallery-1\" style=\"margin:-20px;\"><div style=\"padding:20px;\" class=\"fusion-grid-column fusion-gallery-column fusion-gallery-column-2 hover-type-zoomin\"><div class=\"fusion-gallery-image\"><a href=\"https:\/\/audelabrosse.com\/wp-content\/uploads\/2019\/12\/Capture-d\u2019e\u0301cran-2019-12-03-a\u0300-15.02.32.png\" class=\"fusion-lightbox\" data-rel=\"iLightbox[48a1311a2782d278609]\"><img loading=\"lazy\" decoding=\"async\" width=\"600\" height=\"418\" src=\"https:\/\/audelabrosse.com\/wp-content\/uploads\/2019\/12\/Capture-d\u2019e\u0301cran-2019-12-03-a\u0300-15.02.32-600x418.png\" alt=\"\" title=\"Capture d\u2019e\u0301cran 2019-12-03 a\u0300 15.02.32\" aria-label=\"Capture d\u2019e\u0301cran 2019-12-03 a\u0300 15.02.32\" class=\"img-responsive wp-image-1130\" srcset=\"https:\/\/audelabrosse.com\/wp-content\/uploads\/2019\/12\/Capture-d\u2019e\u0301cran-2019-12-03-a\u0300-15.02.32-200x139.png 200w, https:\/\/audelabrosse.com\/wp-content\/uploads\/2019\/12\/Capture-d\u2019e\u0301cran-2019-12-03-a\u0300-15.02.32-400x278.png 400w, https:\/\/audelabrosse.com\/wp-content\/uploads\/2019\/12\/Capture-d\u2019e\u0301cran-2019-12-03-a\u0300-15.02.32-600x418.png 600w, https:\/\/audelabrosse.com\/wp-content\/uploads\/2019\/12\/Capture-d\u2019e\u0301cran-2019-12-03-a\u0300-15.02.32-800x557.png 800w, https:\/\/audelabrosse.com\/wp-content\/uploads\/2019\/12\/Capture-d\u2019e\u0301cran-2019-12-03-a\u0300-15.02.32-1200x835.png 1200w\" sizes=\"auto, (min-width: 2200px) 100vw, (min-width: 927px) 540px, (min-width: 855px) 927px, \" \/><\/a><\/div><\/div><div style=\"padding:20px;\" class=\"fusion-grid-column fusion-gallery-column fusion-gallery-column-2 hover-type-zoomin\"><div class=\"fusion-gallery-image\"><a href=\"https:\/\/audelabrosse.com\/wp-content\/uploads\/2019\/12\/Capture-d\u2019e\u0301cran-2019-10-18-a\u0300-23.02.23.png\" class=\"fusion-lightbox\" data-rel=\"iLightbox[48a1311a2782d278609]\"><img loading=\"lazy\" decoding=\"async\" width=\"600\" height=\"712\" src=\"https:\/\/audelabrosse.com\/wp-content\/uploads\/2019\/12\/Capture-d\u2019e\u0301cran-2019-10-18-a\u0300-23.02.23-600x712.png\" alt=\"\" title=\"Capture d\u2019e\u0301cran 2019-10-18 a\u0300 23.02.23\" aria-label=\"Capture d\u2019e\u0301cran 2019-10-18 a\u0300 23.02.23\" class=\"img-responsive wp-image-1127\" srcset=\"https:\/\/audelabrosse.com\/wp-content\/uploads\/2019\/12\/Capture-d\u2019e\u0301cran-2019-10-18-a\u0300-23.02.23-200x237.png 200w, https:\/\/audelabrosse.com\/wp-content\/uploads\/2019\/12\/Capture-d\u2019e\u0301cran-2019-10-18-a\u0300-23.02.23-400x474.png 400w, https:\/\/audelabrosse.com\/wp-content\/uploads\/2019\/12\/Capture-d\u2019e\u0301cran-2019-10-18-a\u0300-23.02.23-600x712.png 600w, https:\/\/audelabrosse.com\/wp-content\/uploads\/2019\/12\/Capture-d\u2019e\u0301cran-2019-10-18-a\u0300-23.02.23-800x949.png 800w, https:\/\/audelabrosse.com\/wp-content\/uploads\/2019\/12\/Capture-d\u2019e\u0301cran-2019-10-18-a\u0300-23.02.23-1200x1423.png 1200w, https:\/\/audelabrosse.com\/wp-content\/uploads\/2019\/12\/Capture-d\u2019e\u0301cran-2019-10-18-a\u0300-23.02.23.png 1204w\" sizes=\"auto, (min-width: 2200px) 100vw, (min-width: 927px) 540px, (min-width: 855px) 927px, \" \/><\/a><\/div><\/div><div class=\"clearfix\"><\/div><div style=\"padding:20px;\" class=\"fusion-grid-column fusion-gallery-column fusion-gallery-column-2 hover-type-zoomin\"><div class=\"fusion-gallery-image\"><a href=\"https:\/\/audelabrosse.com\/wp-content\/uploads\/2019\/12\/Capture-d\u2019e\u0301cran-2019-12-03-a\u0300-15.02.18.png\" class=\"fusion-lightbox\" data-rel=\"iLightbox[48a1311a2782d278609]\"><img loading=\"lazy\" decoding=\"async\" width=\"600\" height=\"492\" src=\"https:\/\/audelabrosse.com\/wp-content\/uploads\/2019\/12\/Capture-d\u2019e\u0301cran-2019-12-03-a\u0300-15.02.18-600x492.png\" alt=\"\" title=\"Capture d\u2019e\u0301cran 2019-12-03 a\u0300 15.02.18\" aria-label=\"Capture d\u2019e\u0301cran 2019-12-03 a\u0300 15.02.18\" class=\"img-responsive wp-image-1129\" srcset=\"https:\/\/audelabrosse.com\/wp-content\/uploads\/2019\/12\/Capture-d\u2019e\u0301cran-2019-12-03-a\u0300-15.02.18-200x164.png 200w, https:\/\/audelabrosse.com\/wp-content\/uploads\/2019\/12\/Capture-d\u2019e\u0301cran-2019-12-03-a\u0300-15.02.18-400x328.png 400w, https:\/\/audelabrosse.com\/wp-content\/uploads\/2019\/12\/Capture-d\u2019e\u0301cran-2019-12-03-a\u0300-15.02.18-600x492.png 600w, https:\/\/audelabrosse.com\/wp-content\/uploads\/2019\/12\/Capture-d\u2019e\u0301cran-2019-12-03-a\u0300-15.02.18-800x656.png 800w, https:\/\/audelabrosse.com\/wp-content\/uploads\/2019\/12\/Capture-d\u2019e\u0301cran-2019-12-03-a\u0300-15.02.18-1200x984.png 1200w, https:\/\/audelabrosse.com\/wp-content\/uploads\/2019\/12\/Capture-d\u2019e\u0301cran-2019-12-03-a\u0300-15.02.18.png 1796w\" sizes=\"auto, (min-width: 2200px) 100vw, (min-width: 927px) 540px, (min-width: 855px) 927px, \" \/><\/a><\/div><\/div><div style=\"padding:20px;\" class=\"fusion-grid-column fusion-gallery-column fusion-gallery-column-2 hover-type-zoomin\"><div class=\"fusion-gallery-image\"><a href=\"https:\/\/audelabrosse.com\/wp-content\/uploads\/2019\/12\/Capture-d\u2019e\u0301cran-2019-10-18-a\u0300-23.02.39.png\" class=\"fusion-lightbox\" data-rel=\"iLightbox[48a1311a2782d278609]\"><img loading=\"lazy\" decoding=\"async\" width=\"600\" height=\"598\" src=\"https:\/\/audelabrosse.com\/wp-content\/uploads\/2019\/12\/Capture-d\u2019e\u0301cran-2019-10-18-a\u0300-23.02.39-600x598.png\" alt=\"\" title=\"Capture d\u2019e\u0301cran 2019-10-18 a\u0300 23.02.39\" aria-label=\"Capture d\u2019e\u0301cran 2019-10-18 a\u0300 23.02.39\" class=\"img-responsive wp-image-1128\" srcset=\"https:\/\/audelabrosse.com\/wp-content\/uploads\/2019\/12\/Capture-d\u2019e\u0301cran-2019-10-18-a\u0300-23.02.39-200x199.png 200w, https:\/\/audelabrosse.com\/wp-content\/uploads\/2019\/12\/Capture-d\u2019e\u0301cran-2019-10-18-a\u0300-23.02.39-400x399.png 400w, https:\/\/audelabrosse.com\/wp-content\/uploads\/2019\/12\/Capture-d\u2019e\u0301cran-2019-10-18-a\u0300-23.02.39-600x598.png 600w, https:\/\/audelabrosse.com\/wp-content\/uploads\/2019\/12\/Capture-d\u2019e\u0301cran-2019-10-18-a\u0300-23.02.39-800x797.png 800w, https:\/\/audelabrosse.com\/wp-content\/uploads\/2019\/12\/Capture-d\u2019e\u0301cran-2019-10-18-a\u0300-23.02.39-1200x1196.png 1200w, https:\/\/audelabrosse.com\/wp-content\/uploads\/2019\/12\/Capture-d\u2019e\u0301cran-2019-10-18-a\u0300-23.02.39.png 1212w\" sizes=\"auto, (min-width: 2200px) 100vw, (min-width: 927px) 540px, (min-width: 855px) 927px, \" \/><\/a><\/div><\/div><div class=\"clearfix\"><\/div><div style=\"padding:20px;\" class=\"fusion-grid-column fusion-gallery-column fusion-gallery-column-2 hover-type-zoomin\"><div class=\"fusion-gallery-image\"><a href=\"https:\/\/audelabrosse.com\/wp-content\/uploads\/2019\/12\/Capture-d\u2019e\u0301cran-2019-10-17-a\u0300-09.43.51.png\" class=\"fusion-lightbox\" data-rel=\"iLightbox[48a1311a2782d278609]\"><img loading=\"lazy\" decoding=\"async\" width=\"600\" height=\"552\" src=\"https:\/\/audelabrosse.com\/wp-content\/uploads\/2019\/12\/Capture-d\u2019e\u0301cran-2019-10-17-a\u0300-09.43.51-600x552.png\" alt=\"\" title=\"Capture d\u2019e\u0301cran 2019-10-17 a\u0300 09.43.51\" aria-label=\"Capture d\u2019e\u0301cran 2019-10-17 a\u0300 09.43.51\" class=\"img-responsive wp-image-1126\" srcset=\"https:\/\/audelabrosse.com\/wp-content\/uploads\/2019\/12\/Capture-d\u2019e\u0301cran-2019-10-17-a\u0300-09.43.51-200x184.png 200w, https:\/\/audelabrosse.com\/wp-content\/uploads\/2019\/12\/Capture-d\u2019e\u0301cran-2019-10-17-a\u0300-09.43.51-400x368.png 400w, https:\/\/audelabrosse.com\/wp-content\/uploads\/2019\/12\/Capture-d\u2019e\u0301cran-2019-10-17-a\u0300-09.43.51-600x552.png 600w, https:\/\/audelabrosse.com\/wp-content\/uploads\/2019\/12\/Capture-d\u2019e\u0301cran-2019-10-17-a\u0300-09.43.51-800x736.png 800w, https:\/\/audelabrosse.com\/wp-content\/uploads\/2019\/12\/Capture-d\u2019e\u0301cran-2019-10-17-a\u0300-09.43.51-1200x1104.png 1200w, https:\/\/audelabrosse.com\/wp-content\/uploads\/2019\/12\/Capture-d\u2019e\u0301cran-2019-10-17-a\u0300-09.43.51.png 1772w\" sizes=\"auto, (min-width: 2200px) 100vw, (min-width: 927px) 540px, (min-width: 855px) 927px, \" \/><\/a><\/div><\/div><\/div><div class=\"fusion-sep-clear\"><\/div><div class=\"fusion-separator fusion-full-width-sep sep-double\" style=\"border-color:#e0dede;border-top-width:1px;border-bottom-width:1px;margin-left: auto;margin-right: auto;margin-top:;\"><\/div><div class=\"fusion-clearfix\"><\/div>\n\n\t\t\t\t\t<\/div>\n\t\t\t\t<\/div><\/div><\/div><\/p>\n","protected":false},"excerpt":{"rendered":"","protected":false},"author":1,"featured_media":0,"parent":0,"menu_order":0,"comment_status":"closed","ping_status":"closed","template":"","meta":{"footnotes":""},"class_list":["post-1131","page","type-page","status-publish","hentry"],"_links":{"self":[{"href":"https:\/\/audelabrosse.com\/index.php\/wp-json\/wp\/v2\/pages\/1131","targetHints":{"allow":["GET"]}}],"collection":[{"href":"https:\/\/audelabrosse.com\/index.php\/wp-json\/wp\/v2\/pages"}],"about":[{"href":"https:\/\/audelabrosse.com\/index.php\/wp-json\/wp\/v2\/types\/page"}],"author":[{"embeddable":true,"href":"https:\/\/audelabrosse.com\/index.php\/wp-json\/wp\/v2\/users\/1"}],"replies":[{"embeddable":true,"href":"https:\/\/audelabrosse.com\/index.php\/wp-json\/wp\/v2\/comments?post=1131"}],"version-history":[{"count":17,"href":"https:\/\/audelabrosse.com\/index.php\/wp-json\/wp\/v2\/pages\/1131\/revisions"}],"predecessor-version":[{"id":1498,"href":"https:\/\/audelabrosse.com\/index.php\/wp-json\/wp\/v2\/pages\/1131\/revisions\/1498"}],"wp:attachment":[{"href":"https:\/\/audelabrosse.com\/index.php\/wp-json\/wp\/v2\/media?parent=1131"}],"curies":[{"name":"wp","href":"https:\/\/api.w.org\/{rel}","templated":true}]}}